{"id":1249,"date":"2018-01-13T22:39:34","date_gmt":"2018-01-13T22:39:34","guid":{"rendered":"http:\/\/www.belan.cz\/?page_id=1249"},"modified":"2025-03-27T17:52:53","modified_gmt":"2025-03-27T17:52:53","slug":"kontakt02","status":"publish","type":"page","link":"https:\/\/www.belan.cz\/?page_id=1249","title":{"rendered":"Kontakt"},"content":{"rendered":"<p><strong>RASTISLAV BELAN<\/strong><\/p>\n<p>Du\u0161\u00ednova 1400\/3<br \/>\n664 34 Ku\u0159im<br \/>\n\u010cesk\u00e1 republika<\/p>\n<p>tel.: +420 603 296 786<br \/>\ne-mail: rasto@belan.cz<\/p>\n<p>I\u010cO: 75759241<\/p>\n","protected":false},"excerpt":{"rendered":"<p>RASTISLAV BELAN Du\u0161\u00ednova 1400\/3 664 34 Ku\u0159im \u010cesk\u00e1 republika tel.: +420 603 296 786 e-mail: rasto@belan.cz I\u010cO: 75759241<\/p>\n","protected":false},"author":1,"featured_media":0,"parent":0,"menu_order":0,"comment_status":"closed","ping_status":"closed","template":"theme-partials\/template-contact.php","meta":{"ngg_post_thumbnail":0},"_links":{"self":[{"href":"https:\/\/www.belan.cz\/index.php?rest_route=\/wp\/v2\/pages\/1249"}],"collection":[{"href":"https:\/\/www.belan.cz\/index.php?rest_route=\/wp\/v2\/pages"}],"about":[{"href":"https:\/\/www.belan.cz\/index.php?rest_route=\/wp\/v2\/types\/page"}],"author":[{"embeddable":true,"href":"https:\/\/www.belan.cz\/index.php?rest_route=\/wp\/v2\/users\/1"}],"replies":[{"embeddable":true,"href":"https:\/\/www.belan.cz\/index.php?rest_route=%2Fwp%2Fv2%2Fcomments&post=1249"}],"version-history":[{"count":5,"href":"https:\/\/www.belan.cz\/index.php?rest_route=\/wp\/v2\/pages\/1249\/revisions"}],"predecessor-version":[{"id":1991,"href":"https:\/\/www.belan.cz\/index.php?rest_route=\/wp\/v2\/pages\/1249\/revisions\/1991"}],"wp:attachment":[{"href":"https:\/\/www.belan.cz\/index.php?rest_route=%2Fwp%2Fv2%2Fmedia&parent=1249"}],"curies":[{"name":"wp","href":"https:\/\/api.w.org\/{rel}","templated":true}]}}